{"id":2161,"date":"2013-02-04T20:35:01","date_gmt":"2013-02-04T17:05:01","guid":{"rendered":"http:\/\/www.fredsrecords.com\/site\/?post_type=product&#038;p=2161"},"modified":"2013-02-18T18:14:47","modified_gmt":"2013-02-18T14:44:47","slug":"obyrnes-and-mcgraths-make-the-circle-wide","status":"publish","type":"product","link":"https:\/\/www.fredsrecords.com\/site\/shop\/obyrnes-and-mcgraths-make-the-circle-wide\/","title":{"rendered":"O&#8217;Byrnes and McGraths &#8211; Make the Circle Wide"},"content":{"rendered":"<p>&#8220;Make the Circle Wide&#8221; came about from McGrath family get-togethers in Dublin. It &#8220;captures a family desire to bond growing generations of evermore farflung descendants through sharing and recording their music and singing&#8221;.<\/p>\n<p>&nbsp;<\/p>\n<div class='shareinpost'><ul class=\"socialwrap row\"><li class=\"iconOnly\"><a  rel='nofollow'  target='_blank'  title='Recommend this post : O&#8217;Byrnes and McGraths &#8211; Make the Circle Wide on Facebook'  href='http:\/\/www.facebook.com\/sharer.php?u=https%3A%2F%2Fwww.fredsrecords.com%2Fsite%2Fshop%2Fobyrnes-and-mcgraths-make-the-circle-wide%2F&amp;t=O%E2%80%99Byrnes+and+McGraths+%E2%80%93+Make+the+Circle+Wide'  ><img  src='http:\/\/www.fredsrecords.com\/site\/wp-content\/plugins\/share-and-follow\/images\/blank.gif'  height='24' width='24'  class='image-24' alt='facebook'  style='background: transparent url(http:\/\/www.fredsrecords.com\/site\/wp-content\/plugins\/share-and-follow\/default\/24\/sprite-feb-24.png) no-repeat;padding:0;margin:0;height:24px;width:24px;background-position:-300px 0px'   \/> <span class=\"head\">Recommend on Facebook<\/span><\/a><\/li><li class=\"iconOnly\"><a  rel='nofollow'  target='_blank'  title='Pin this post : O&#8217;Byrnes and McGraths &#8211; Make the Circle Wide on Pinterest'  href='http:\/\/pinterest.com\/pin\/create\/button\/?url=https%3A%2F%2Fwww.fredsrecords.com%2Fsite%2Fshop%2Fobyrnes-and-mcgraths-make-the-circle-wide%2F&media=https%3A%2F%2Fwww.fredsrecords.com%2Fsite%2Fwp-content%2Fuploads%2F2013%2F02%2FMake-the-Circle-Wide-150x150.jpg'  ><img  src='http:\/\/www.fredsrecords.com\/site\/wp-content\/plugins\/share-and-follow\/images\/blank.gif'  height='24' width='24'  class='image-24' alt='pinterest'  style='background: transparent url(http:\/\/www.fredsrecords.com\/site\/wp-content\/plugins\/share-and-follow\/default\/24\/sprite-feb-24.png) no-repeat;padding:0;margin:0;height:24px;width:24px;background-position:-1200px 0px'   \/> <span class=\"head\">Pin it on pinterest<\/span><\/a><\/li><li class=\"iconOnly\"><a  rel='nofollow'  target='_blank'  title='Tweet this post : O&#8217;Byrnes and McGraths &#8211; Make the Circle Wide on Twitter'  href=\"http:\/\/twitter.com\/share?url=https%3A%2F%2Fwww.fredsrecords.com%2Fsite%2Fshop%2Fobyrnes-and-mcgraths-make-the-circle-wide%2F&amp;text=\"  ><img  src='http:\/\/www.fredsrecords.com\/site\/wp-content\/plugins\/share-and-follow\/images\/blank.gif'  height='24' width='24'  class='image-24' alt='twitter'  style='background: transparent url(http:\/\/www.fredsrecords.com\/site\/wp-content\/plugins\/share-and-follow\/default\/24\/sprite-feb-24.png) no-repeat;padding:0;margin:0;height:24px;width:24px;background-position:-1625px 0px'   \/> <span class=\"head\">Tweet about it<\/span><\/a><\/li><li class=\"iconOnly\"><a rel=\"_self\" href=\"mailto:?subject=Freds%20Records%20:%20O&#8217;Byrnes%20and%20McGraths%20&#8211;%20Make%20the%20Circle%20Wide&amp;body=here%20is%20a%20link%20to%20something%20on%20the%20Fred's%20Records%20site%20I%20thought%20you%20might%20like.%20%20https:\/\/www.fredsrecords.com\/site\/shop\/obyrnes-and-mcgraths-make-the-circle-wide\/\" title=\"Check this out -- totally thought of you...\"><img loading=\"lazy\" decoding=\"async\" src=\"http:\/\/www.fredsrecords.com\/site\/wp-content\/plugins\/share-and-follow\/images\/blank.gif\" height=\"24\"  width=\"24\" style=\"background: transparent url(http:\/\/www.fredsrecords.com\/site\/wp-content\/plugins\/share-and-follow\/default\/24\/sprite-feb-24.png) no-repeat;padding:0;margin:0;height:24px;width:24px;background-position:-275px 0px\" class=\"image-24\"  alt=\"email\" \/> <span class=\"head\">Tell a friend<\/span><\/a><\/li><\/ul><div class=\"clean\"><\/div> <\/div>","protected":false},"excerpt":{"rendered":"<p>1. Carrigdhoun<\/p>\n<p>2. Glenties<\/p>\n<p>3. Black is the Colour<\/p>\n<p>4. Rainy Night in Soho<\/p>\n<p>5. She Moved through the Fair<\/p>\n<p>6. Ryan&#8217;s Fancy Arriving<\/p>\n<p>7. Raglan Road<\/p>\n<p>8. Bobby McGee<\/p>\n<p>9. Tr\u00e1thn\u00f3na Beag Ar\u00e9ir<\/p>\n<p>10. South Australia<\/p>\n<p>11. Fields of Gold<\/p>\n<p>12. Strawberry Beds<\/p>\n<p>13. Harvest Home Set<\/p>\n<p>14. Winds of Change<\/p>\n<p>15. The Old Polina<\/p>\n<p>16. Etsie Getsie<\/p>\n<p>17. The Parting Glass<\/p>\n<p>&nbsp;<\/p>\n<p>&nbsp;<\/p>\n","protected":false},"featured_media":2163,"comment_status":"open","ping_status":"closed","template":"","meta":{"ngg_post_thumbnail":0},"class_list":{"0":"post-2161","1":"product","2":"type-product","3":"status-publish","4":"has-post-thumbnail","6":"product_cat-cd","7":"product_tag-fergus-obyrne","8":"product_tag-irishnfld","9":"product_tag-obyrnes-and-mcgraths","10":"product_shipping_class-cdn-cd","12":"first","13":"instock","14":"taxable","15":"shipping-taxable","16":"purchasable","17":"product-type-simple"},"_links":{"self":[{"href":"https:\/\/www.fredsrecords.com\/site\/wp-json\/wp\/v2\/product\/2161","targetHints":{"allow":["GET"]}}],"collection":[{"href":"https:\/\/www.fredsrecords.com\/site\/wp-json\/wp\/v2\/product"}],"about":[{"href":"https:\/\/www.fredsrecords.com\/site\/wp-json\/wp\/v2\/types\/product"}],"replies":[{"embeddable":true,"href":"https:\/\/www.fredsrecords.com\/site\/wp-json\/wp\/v2\/comments?post=2161"}],"wp:featuredmedia":[{"embeddable":true,"href":"https:\/\/www.fredsrecords.com\/site\/wp-json\/wp\/v2\/media\/2163"}],"wp:attachment":[{"href":"https:\/\/www.fredsrecords.com\/site\/wp-json\/wp\/v2\/media?parent=2161"}],"curies":[{"name":"wp","href":"https:\/\/api.w.org\/{rel}","templated":true}]}}