{"id":3798,"date":"2014-06-16T15:14:35","date_gmt":"2014-06-16T18:44:35","guid":{"rendered":"http:\/\/www.fredsrecords.com\/site\/?post_type=product&#038;p=3798"},"modified":"2014-06-16T15:14:35","modified_gmt":"2014-06-16T18:44:35","slug":"blague-et-hale-blague-et-hale","status":"publish","type":"product","link":"https:\/\/www.fredsrecords.com\/site\/shop\/blague-et-hale-blague-et-hale\/","title":{"rendered":"Blague et Hale &#8211; Blague et Hale"},"content":{"rendered":"<p>\u00ab Blague &amp; Hale \u00bb ! une expression locale \u00e0 Saint-Pierre et Miquelon qui signifie \u00ab cause et travaille ! \u00bb qui repr\u00e9sente parfaitement les 5 membres du groupe. Non professionnels mais amateurs enjou\u00e9s, ils savent cr\u00e9er une ambiance festive et p\u00e9tillante !<\/p>\n<p>Depuis 6 ans d\u00e9j\u00e0 Blague &amp; Hale vous fait danser et chanter au rythme de leurs reprises et compositions !<\/p>\n<p>Leurs concerts endiabl\u00e9s vous laisseront un souvenir estival r\u00e9sonnant du son notamment des Rolling Stones, T\u00e9l\u00e9phone, Maroon 5, Black Eyed Peas, Balbino, Yves Jamait, Daran et Cowboys Fringants.<\/p>\n<p>Ils ont eu la chance de partager un bout de sc\u00e8ne avec ces derniers lors de leur venue dans l\u2019archipel.<\/p>\n<p>Leur composition phare \u00ab Rocher d\u2019Ile \u00bb mais aussi bien d\u2019autres nouveaut\u00e9s vous feront appr\u00e9cier le travail accompli durant les soir\u00e9es de cet hiver ! Laissez-vous surprendre ! Attention : leur \u00e9nergie et bonne humeur sont contagieuses \u2026<\/p>\n<div class='shareinpost'><ul class=\"socialwrap row\"><li class=\"iconOnly\"><a  rel='nofollow'  target='_blank'  title='Recommend this post : Blague et Hale &#8211; Blague et Hale on Facebook'  href='http:\/\/www.facebook.com\/sharer.php?u=https%3A%2F%2Fwww.fredsrecords.com%2Fsite%2Fshop%2Fblague-et-hale-blague-et-hale%2F&amp;t=Blague+et+Hale+%E2%80%93+Blague+et+Hale'  ><img  src='http:\/\/www.fredsrecords.com\/site\/wp-content\/plugins\/share-and-follow\/images\/blank.gif'  height='24' width='24'  class='image-24' alt='facebook'  style='background: transparent url(http:\/\/www.fredsrecords.com\/site\/wp-content\/plugins\/share-and-follow\/default\/24\/sprite-feb-24.png) no-repeat;padding:0;margin:0;height:24px;width:24px;background-position:-300px 0px'   \/> <span class=\"head\">Recommend on Facebook<\/span><\/a><\/li><li class=\"iconOnly\"><a  rel='nofollow'  target='_blank'  title='Pin this post : Blague et Hale &#8211; Blague et Hale on Pinterest'  href='http:\/\/pinterest.com\/pin\/create\/button\/?url=https%3A%2F%2Fwww.fredsrecords.com%2Fsite%2Fshop%2Fblague-et-hale-blague-et-hale%2F&media=https%3A%2F%2Fwww.fredsrecords.com%2Fsite%2Fwp-content%2Fuploads%2F2014%2F06%2FBlague-et-Hale1-150x150.jpg'  ><img  src='http:\/\/www.fredsrecords.com\/site\/wp-content\/plugins\/share-and-follow\/images\/blank.gif'  height='24' width='24'  class='image-24' alt='pinterest'  style='background: transparent url(http:\/\/www.fredsrecords.com\/site\/wp-content\/plugins\/share-and-follow\/default\/24\/sprite-feb-24.png) no-repeat;padding:0;margin:0;height:24px;width:24px;background-position:-1200px 0px'   \/> <span class=\"head\">Pin it on pinterest<\/span><\/a><\/li><li class=\"iconOnly\"><a  rel='nofollow'  target='_blank'  title='Tweet this post : Blague et Hale &#8211; Blague et Hale on Twitter'  href=\"http:\/\/twitter.com\/share?url=https%3A%2F%2Fwww.fredsrecords.com%2Fsite%2Fshop%2Fblague-et-hale-blague-et-hale%2F&amp;text=\"  ><img  src='http:\/\/www.fredsrecords.com\/site\/wp-content\/plugins\/share-and-follow\/images\/blank.gif'  height='24' width='24'  class='image-24' alt='twitter'  style='background: transparent url(http:\/\/www.fredsrecords.com\/site\/wp-content\/plugins\/share-and-follow\/default\/24\/sprite-feb-24.png) no-repeat;padding:0;margin:0;height:24px;width:24px;background-position:-1625px 0px'   \/> <span class=\"head\">Tweet about it<\/span><\/a><\/li><li class=\"iconOnly\"><a rel=\"_self\" href=\"mailto:?subject=Freds%20Records%20:%20Blague%20et%20Hale%20&#8211;%20Blague%20et%20Hale&amp;body=here%20is%20a%20link%20to%20something%20on%20the%20Fred's%20Records%20site%20I%20thought%20you%20might%20like.%20%20https:\/\/www.fredsrecords.com\/site\/shop\/blague-et-hale-blague-et-hale\/\" title=\"Check this out -- totally thought of you...\"><img loading=\"lazy\" decoding=\"async\" src=\"http:\/\/www.fredsrecords.com\/site\/wp-content\/plugins\/share-and-follow\/images\/blank.gif\" height=\"24\"  width=\"24\" style=\"background: transparent url(http:\/\/www.fredsrecords.com\/site\/wp-content\/plugins\/share-and-follow\/default\/24\/sprite-feb-24.png) no-repeat;padding:0;margin:0;height:24px;width:24px;background-position:-275px 0px\" class=\"image-24\"  alt=\"email\" \/> <span class=\"head\">Tell a friend<\/span><\/a><\/li><\/ul><div class=\"clean\"><\/div> <\/div>","protected":false},"excerpt":{"rendered":"<p>1. Pacotilles<br \/>\n2. Tout va Bein<br \/>\n3. Il ne suffit que d&#039;un pas<br \/>\n4. A l&#039;abri<br \/>\n5. Rocher d&#039;ile<br \/>\n6. Y a-t-il quelqu&#039;un?<br \/>\n7. Ouest<br \/>\n8. Danse<br \/>\n9. Un matin<br \/>\n10. Neal and jack<\/p>\n","protected":false},"featured_media":3806,"comment_status":"open","ping_status":"closed","template":"","meta":{"ngg_post_thumbnail":0},"class_list":{"0":"post-3798","1":"product","2":"type-product","3":"status-publish","4":"has-post-thumbnail","6":"product_cat-cd","7":"product_tag-blague-et-hale","8":"product_tag-folk","9":"product_tag-french","11":"first","12":"instock","13":"taxable","14":"shipping-taxable","15":"purchasable","16":"product-type-simple"},"_links":{"self":[{"href":"https:\/\/www.fredsrecords.com\/site\/wp-json\/wp\/v2\/product\/3798","targetHints":{"allow":["GET"]}}],"collection":[{"href":"https:\/\/www.fredsrecords.com\/site\/wp-json\/wp\/v2\/product"}],"about":[{"href":"https:\/\/www.fredsrecords.com\/site\/wp-json\/wp\/v2\/types\/product"}],"replies":[{"embeddable":true,"href":"https:\/\/www.fredsrecords.com\/site\/wp-json\/wp\/v2\/comments?post=3798"}],"wp:featuredmedia":[{"embeddable":true,"href":"https:\/\/www.fredsrecords.com\/site\/wp-json\/wp\/v2\/media\/3806"}],"wp:attachment":[{"href":"https:\/\/www.fredsrecords.com\/site\/wp-json\/wp\/v2\/media?parent=3798"}],"curies":[{"name":"wp","href":"https:\/\/api.w.org\/{rel}","templated":true}]}}